{"id":226,"date":"2026-02-17T05:10:49","date_gmt":"2026-02-17T10:10:49","guid":{"rendered":"https:\/\/xn--arospatiale-bbb.xn--qubec-csa.tk\/home-2\/"},"modified":"2026-02-17T05:50:51","modified_gmt":"2026-02-17T10:50:51","slug":"home-2","status":"publish","type":"page","link":"https:\/\/xn--arospatiale-bbb.xn--qubec-csa.tk\/demo-ia\/","title":{"rendered":"Home"},"content":{"rendered":"\n<div class=\"wp-block-uagb-container uagb-block-33914ddc alignfull uagb-is-root-container\"><div class=\"uagb-container-inner-blocks-wrap\">\n<div class=\"wp-block-uagb-info-box uagb-block-32540a6c uagb-infobox__content-wrap  uagb-infobox-icon-above-title uagb-infobox-image-valign-top\"><div class=\"uagb-ifb-content\"><div class=\"uagb-ifb-title-wrap\"><span class=\"uagb-ifb-title-prefix\">Innover ensemble<\/span><h1 class=\"uagb-ifb-title\">Red\u00e9finissons la valeur sociale<\/h1><\/div><p class=\"uagb-ifb-desc\">Transformez votre vision du collectif avec nos pratiques innovantes et lib\u00e9rez le potentiel humain au sein de votre organisation.<\/p><div class=\"uagb-ifb-button-wrapper wp-block-button\"><a href=\"contact\/\" class=\"uagb-infobox-cta-link wp-block-button__link\" target=\"_self\" rel=\"noopener noreferrer\" onclick=\"return true;\"><span class=\"uagb-inline-editing\">Commencer maintenant<\/span><\/a><\/div><\/div><\/div>\n<\/div><\/div>\n\n\n\n<div class=\"wp-block-uagb-container uagb-block-5b740152 alignfull uagb-is-root-container\"><div class=\"uagb-container-inner-blocks-wrap\">\n<div class=\"wp-block-uagb-container uagb-block-590aa15a\">\n<div class=\"wp-block-uagb-info-box uagb-block-2359313e uagb-infobox__content-wrap  uagb-infobox-icon-above-title uagb-infobox-image-valign-top\"><div class=\"uagb-ifb-content\"><div class=\"uagb-ifb-title-wrap\"><span class=\"uagb-ifb-title-prefix\">Qui nous sommes<\/span><h2 class=\"uagb-ifb-title\">Une agence au service de l&rsquo;innovation sociale<\/h2><\/div><\/div><\/div>\n<\/div>\n\n\n\n<div class=\"wp-block-uagb-container uagb-block-6ec428b1\">\n<div class=\"wp-block-uagb-advanced-heading uagb-block-e30f7b91\"><h3 class=\"uagb-heading-text\">L&rsquo;Agence A\u00e9rospatiale se consacre \u00e0 transformer le paysage collectif avec des mod\u00e8les d&rsquo;organisation innovants.<\/h3><p class=\"uagb-desc-text\">Nous offrons des services d&rsquo;h\u00e9bergement fiscal et soutenons des initiatives strat\u00e9giques. Reconnue pour notre approche ax\u00e9e sur l&rsquo;autonomie et la diversit\u00e9, nous favorisons le d\u00e9marrage d&rsquo;initiatives collectives. L&rsquo;Agence A\u00e9rospatiale est fi\u00e8re de ses contributions \u00e0 la communaut\u00e9 et a re\u00e7u plusieurs distinctions pour notre engagement vers une soci\u00e9t\u00e9 innovante et inclusive.<\/p><\/div>\n\n\n\n<div class=\"wp-block-uagb-buttons uagb-buttons__outer-wrap uagb-btn__default-btn uagb-btn-tablet__default-btn uagb-btn-mobile__default-btn uagb-block-dce11512\"><div class=\"uagb-buttons__wrap uagb-buttons-layout-wrap \">\n<div class=\"wp-block-uagb-buttons-child uagb-buttons__outer-wrap uagb-block-dff7d825 wp-block-button\"><div class=\"uagb-button__wrapper\"><a class=\"uagb-buttons-repeater ast-outline-button\" aria-label=\"\" style=\"border-width:revert-layer\" href=\"about\/\" rel=\"follow noopener\" target=\"_self\" role=\"button\"><div class=\"uagb-button__link\">EN SAVOIR PLUS<\/div><\/a><\/div><\/div>\n<\/div><\/div>\n<\/div>\n<\/div><\/div>\n\n\n\n<div class=\"wp-block-uagb-container uagb-block-6524a66f alignfull uagb-is-root-container\"><div class=\"uagb-container-inner-blocks-wrap\">\n<div class=\"wp-block-uagb-info-box uagb-block-99aa96b3 uagb-infobox__content-wrap  uagb-infobox-icon-above-title uagb-infobox-image-valign-top\"><div class=\"uagb-ifb-content\"><div class=\"uagb-ifb-title-wrap\"><span class=\"uagb-ifb-title-prefix\">Nos services<\/span><h2 class=\"uagb-ifb-title\">Solutions d&rsquo;innovation sociale adapt\u00e9es<\/h2><\/div><p class=\"uagb-ifb-desc\">D\u00e9couvrez comment nos services peuvent transformer votre organisation et favoriser le potentiel collectif.<\/p><\/div><\/div>\n\n\n\n<div class=\"wp-block-uagb-container uagb-block-a0a42333\">\n<div class=\"wp-block-uagb-container uagb-block-9abd22a4\">\n<div class=\"wp-block-uagb-advanced-heading uagb-block-769a552b\"><h2 class=\"uagb-heading-text\">01.<\/h2><div class=\"uagb-separator\"><\/div><\/div>\n\n\n\n<div class=\"wp-block-uagb-info-box uagb-block-d59c5b69 uagb-infobox__content-wrap  uagb-infobox-icon-above-title uagb-infobox-image-valign-top\"><div class=\"uagb-ifb-content\"><div class=\"uagb-ifb-title-wrap\"><h3 class=\"uagb-ifb-title\">Consultation Strat\u00e9gique<\/h3><\/div><p class=\"uagb-ifb-desc\">Offrez des conseils personnalis\u00e9s pour naviguer les d\u00e9fis du secteur collectif et optimiser votre impact social.<\/p><div class=\"uagb-ifb-button-wrapper wp-block-button\"><a href=\"services\/\" target=\"_self\" onclick=\"return true;\" class=\"uagb-infobox-cta-link\" rel=\"noopener noreferrer\"><span class=\"uagb-inline-editing\">EN SAVOIR PLUS<\/span><\/a><\/div><\/div><\/div>\n<\/div>\n\n\n\n<div class=\"wp-block-uagb-container uagb-block-032d95fc\">\n<div class=\"wp-block-uagb-advanced-heading uagb-block-728f4cfc\"><h2 class=\"uagb-heading-text\">02.<\/h2><div class=\"uagb-separator\"><\/div><\/div>\n\n\n\n<div class=\"wp-block-uagb-info-box uagb-block-ef01bad9 uagb-infobox__content-wrap  uagb-infobox-icon-above-title uagb-infobox-image-valign-top\"><div class=\"uagb-ifb-content\"><div class=\"uagb-ifb-title-wrap\"><h3 class=\"uagb-ifb-title\">Services d&rsquo;H\u00e9bergement Fiscal<\/h3><\/div><p class=\"uagb-ifb-desc\">Facilitez votre initiative collective avec notre service d&rsquo;h\u00e9bergement fiscal sur mesure, adapt\u00e9 \u00e0 vos besoins uniques.<\/p><div class=\"uagb-ifb-button-wrapper wp-block-button\"><a href=\"services\/\" target=\"_self\" onclick=\"return true;\" class=\"uagb-infobox-cta-link\" rel=\"noopener noreferrer\"><span class=\"uagb-inline-editing\">EN SAVOIR PLUS<\/span><\/a><\/div><\/div><\/div>\n<\/div>\n\n\n\n<div class=\"wp-block-uagb-container uagb-block-9c8fa577\">\n<div class=\"wp-block-uagb-advanced-heading uagb-block-cd560cd0\"><h2 class=\"uagb-heading-text\">03.<\/h2><div class=\"uagb-separator\"><\/div><\/div>\n\n\n\n<div class=\"wp-block-uagb-info-box uagb-block-0bb78aa6 uagb-infobox__content-wrap  uagb-infobox-icon-above-title uagb-infobox-image-valign-top\"><div class=\"uagb-ifb-content\"><div class=\"uagb-ifb-title-wrap\"><h3 class=\"uagb-ifb-title\">Mod\u00e8les d&rsquo;Organisation Adaptatifs<\/h3><\/div><p class=\"uagb-ifb-desc\">Transformez votre mani\u00e8re de travailler avec nos mod\u00e8les d&rsquo;organisation flexibles, propices \u00e0 l&rsquo;innovation et \u00e0 la diversit\u00e9.<\/p><div class=\"uagb-ifb-button-wrapper wp-block-button\"><a href=\"services\/\" target=\"_self\" onclick=\"return true;\" class=\"uagb-infobox-cta-link\" rel=\"noopener noreferrer\"><span class=\"uagb-inline-editing\">EN SAVOIR PLUS<\/span><\/a><\/div><\/div><\/div>\n<\/div>\n<\/div>\n<\/div><\/div>\n\n\n\n<div class=\"wp-block-uagb-container uagb-block-23d0646f alignfull uagb-is-root-container\"><div class=\"uagb-container-inner-blocks-wrap\">\n<div class=\"wp-block-uagb-container uagb-block-7453ae49\">\n<div class=\"wp-block-uagb-counter uagb-block-7a505c88 wp-block-uagb-counter--number\"><div class=\"wp-block-uagb-counter__number\"><span class=\"uagb-counter-block-number\" data-duration=\"1.5\" data-to-value=\"92\" data-from-value=\"0\" data-delimiter=\",\"><\/span><span class=\"uagb-counter-block-suffix\">%<\/span><\/div><div class=\"wp-block-uagb-counter__title\">Satisfaction des clients<\/div><\/div>\n<\/div>\n\n\n\n<div class=\"wp-block-uagb-container uagb-block-a2d43849\">\n<div class=\"wp-block-uagb-counter uagb-block-ead41114 wp-block-uagb-counter--number\"><div class=\"wp-block-uagb-counter__number\"><span class=\"uagb-counter-block-number\" data-duration=\"1.5\" data-to-value=\"25\" data-from-value=\"0\" data-delimiter=\",\"><\/span><span class=\"uagb-counter-block-suffix\">+<\/span><\/div><div class=\"wp-block-uagb-counter__title\">Membres de l&rsquo;\u00e9quipe<\/div><\/div>\n<\/div>\n\n\n\n<div class=\"wp-block-uagb-container uagb-block-097966ea\">\n<div class=\"wp-block-uagb-counter uagb-block-eb69c34f wp-block-uagb-counter--number\"><div class=\"wp-block-uagb-counter__number\"><span class=\"uagb-counter-block-number\" data-duration=\"1.5\" data-to-value=\"12\" data-from-value=\"0\" data-delimiter=\",\"><\/span><span class=\"uagb-counter-block-suffix\">+<\/span><\/div><div class=\"wp-block-uagb-counter__title\">Ann\u00e9e d&rsquo;exp\u00e9rience<\/div><\/div>\n<\/div>\n\n\n\n<div class=\"wp-block-uagb-container uagb-block-bd62307c\">\n<div class=\"wp-block-uagb-counter uagb-block-5a657ec5 wp-block-uagb-counter--number\"><div class=\"wp-block-uagb-counter__number\"><span class=\"uagb-counter-block-number\" data-duration=\"1.5\" data-to-value=\"5\" data-from-value=\"0\" data-delimiter=\",\"><\/span><span class=\"uagb-counter-block-suffix\">+<\/span><\/div><div class=\"wp-block-uagb-counter__title\">Prix mondiaux<\/div><\/div>\n<\/div>\n<\/div><\/div>\n\n\n\n<div class=\"wp-block-uagb-container uagb-block-c61f515b alignfull uagb-is-root-container\">\n<div class=\"wp-block-uagb-container uagb-block-b88a5352\">\n<div class=\"wp-block-uagb-info-box uagb-block-089a5fbd uagb-infobox__content-wrap  uagb-infobox-icon-above-title uagb-infobox-image-valign-top\"><div class=\"uagb-ifb-content\"><div class=\"uagb-ifb-title-wrap\"><span class=\"uagb-ifb-title-prefix\">Notre parcours<\/span><h2 class=\"uagb-ifb-title\">L&rsquo;histoire de l&rsquo;Agence A\u00e9rospatiale<\/h2><\/div><p class=\"uagb-ifb-desc\">Fond\u00e9e pour r\u00e9pondre aux d\u00e9fis du pr\u00e9sent, l&rsquo;Agence A\u00e9rospatiale a connu une \u00e9volution constante depuis sa cr\u00e9ation. Au fil des ann\u00e9es, nous avons d\u00e9velopp\u00e9 des mod\u00e8les d&rsquo;organisation adaptatifs et avons su nous d\u00e9marquer par notre engagement envers l&rsquo;innovation sociale, en mettant toujours \u00e0 l&rsquo;avant-plan le potentiel humain et la collaboration collective.<\/p><div class=\"uagb-ifb-button-wrapper wp-block-button\"><a href=\"about\/\" class=\"uagb-infobox-cta-link wp-block-button__link\" target=\"_self\" rel=\"noopener noreferrer\" onclick=\"return true;\"><span class=\"uagb-inline-editing\">EN SAVOIR PLUS<\/span><\/a><\/div><\/div><\/div>\n<\/div>\n<\/div>\n\n\n\n<div class=\"wp-block-uagb-container uagb-block-7e6769fe alignfull uagb-is-root-container\"><div class=\"uagb-container-inner-blocks-wrap\">\n<div class=\"wp-block-uagb-info-box uagb-block-df560f93 uagb-infobox__content-wrap  uagb-infobox-icon-above-title uagb-infobox-image-valign-top\"><div class=\"uagb-ifb-content\"><div class=\"uagb-ifb-title-wrap\"><span class=\"uagb-ifb-title-prefix\">Ce que nous entendons<\/span><h2 class=\"uagb-ifb-title\">T\u00e9moignages de nos clients satisfaits<\/h2><\/div><p class=\"uagb-ifb-desc\">D\u00e9couvrez ce que nos partenaires disent de notre engagement et de nos solutions innovantes.<\/p><\/div><\/div>\n\n\n\n<div class=\"wp-block-uagb-container uagb-block-6700b253\">\n<div class=\"wp-block-uagb-container uagb-block-37d6e4c7\">\n<div class=\"wp-block-uagb-info-box uagb-block-f9b5cf3a uagb-infobox__content-wrap  uagb-infobox-icon-left uagb-infobox-left uagb-infobox-stacked-tablet uagb-infobox-image-valign-top\"><div class=\"uagb-ifb-image-content\"><img decoding=\"async\" src=\"https:\/\/xn--arospatiale-bbb.xn--qubec-csa.tk\/wp-content\/uploads\/sites\/41\/2024\/02\/testimonial-skip-01.jpg\" alt=\"testimonial skip 01\" width=\"74\" height=\"74\" loading=\"lazy\" title=\"Home\"><\/div><div class=\"uagb-ifb-content\"><div class=\"uagb-ifb-title-wrap\"><span class=\"uagb-ifb-title-prefix\">L&rsquo;Agence A\u00e9rospatiale m&rsquo;a aid\u00e9 \u00e0 r\u00e9aliser mes id\u00e9es sans contraintes. Leur soutien a \u00e9t\u00e9 inestimable!<\/span><p class=\"uagb-ifb-title\">Marc Dupuis<\/p><\/div><\/div><\/div>\n<\/div>\n\n\n\n<div class=\"wp-block-uagb-container uagb-block-80ef6ada\">\n<div class=\"wp-block-uagb-info-box uagb-block-ac698830 uagb-infobox__content-wrap  uagb-infobox-icon-left uagb-infobox-left uagb-infobox-stacked-tablet uagb-infobox-image-valign-top\"><div class=\"uagb-ifb-image-content\"><img decoding=\"async\" src=\"https:\/\/xn--arospatiale-bbb.xn--qubec-csa.tk\/wp-content\/uploads\/sites\/41\/2024\/02\/testimonial-skip-02.jpg\" alt=\"testimonial skip 02\" width=\"74\" height=\"74\" loading=\"lazy\" title=\"Home\"><\/div><div class=\"uagb-ifb-content\"><div class=\"uagb-ifb-title-wrap\"><span class=\"uagb-ifb-title-prefix\">Gr\u00e2ce \u00e0 l&rsquo;Agence A\u00e9rospatiale, j&rsquo;ai pu explorer des solutions cr\u00e9atives et autonomes pour ma communaut\u00e9. Une \u00e9quipe exceptionnelle!<\/span><p class=\"uagb-ifb-title\">Sophie Tremblay<\/p><\/div><\/div><\/div>\n<\/div>\n<\/div>\n\n\n\n<div class=\"wp-block-uagb-container uagb-block-2257c642\">\n<div class=\"wp-block-uagb-container uagb-block-45ad2bf2\">\n<div class=\"wp-block-uagb-info-box uagb-block-a3e49a74 uagb-infobox__content-wrap  uagb-infobox-icon-left uagb-infobox-left uagb-infobox-stacked-tablet uagb-infobox-image-valign-top\"><div class=\"uagb-ifb-image-content\"><img decoding=\"async\" src=\"https:\/\/xn--arospatiale-bbb.xn--qubec-csa.tk\/wp-content\/uploads\/sites\/41\/2024\/02\/testimonial-skip-03.jpg\" alt=\"testimonial skip 03\" width=\"74\" height=\"74\" loading=\"lazy\" title=\"Home\"><\/div><div class=\"uagb-ifb-content\"><div class=\"uagb-ifb-title-wrap\"><span class=\"uagb-ifb-title-prefix\">Un partenaire fondamental pour transformer notre projet. Leur expertise et approche unique ont fait toute la diff\u00e9rence.<\/span><p class=\"uagb-ifb-title\">Philippe Lemieux<\/p><\/div><\/div><\/div>\n<\/div>\n\n\n\n<div class=\"wp-block-uagb-container uagb-block-c7e41ea7\">\n<div class=\"wp-block-uagb-info-box uagb-block-4744f425 uagb-infobox__content-wrap  uagb-infobox-icon-left uagb-infobox-left uagb-infobox-stacked-tablet uagb-infobox-image-valign-top\"><div class=\"uagb-ifb-image-content\"><img decoding=\"async\" src=\"https:\/\/xn--arospatiale-bbb.xn--qubec-csa.tk\/wp-content\/uploads\/sites\/41\/2024\/02\/testimonial-skip-04.jpg\" alt=\"testimonial skip 04\" width=\"74\" height=\"74\" loading=\"lazy\" title=\"Home\"><\/div><div class=\"uagb-ifb-content\"><div class=\"uagb-ifb-title-wrap\"><span class=\"uagb-ifb-title-prefix\">L&rsquo;Agence A\u00e9rospatiale a v\u00e9ritablement lib\u00e9r\u00e9 notre potentiel collectif. Un accompagnement efficace et inspirant!<\/span><p class=\"uagb-ifb-title\">Am\u00e9lie Fournier<\/p><\/div><\/div><\/div>\n<\/div>\n<\/div>\n<\/div><\/div>\n\n\n\n<div class=\"wp-block-uagb-container uagb-block-2f326697 alignfull uagb-is-root-container\"><div class=\"uagb-container-inner-blocks-wrap\">\n<div class=\"wp-block-uagb-info-box uagb-block-76ceb716 uagb-infobox__content-wrap  uagb-infobox-icon-above-title uagb-infobox-image-valign-top\"><div class=\"uagb-ifb-content\"><div class=\"uagb-ifb-title-wrap\"><span class=\"uagb-ifb-title-prefix\">Pourquoi nous choisir<\/span><h2 class=\"uagb-ifb-title\">Ce qui nous rend uniques<\/h2><\/div><p class=\"uagb-ifb-desc\">D\u00e9couvrez nos valeurs distinctives et comment elles transforment vos projets en succ\u00e8s.<\/p><\/div><\/div>\n\n\n\n<div class=\"wp-block-uagb-image alignleft uagb-block-3c7a7974 wp-block-uagb-image--layout-default wp-block-uagb-image--effect-static wp-block-uagb-image--align-left\"><figure class=\"wp-block-uagb-image__figure\"><img decoding=\"async\" srcset=\"https:\/\/xn--arospatiale-bbb.xn--qubec-csa.tk\/wp-content\/uploads\/sites\/41\/2026\/02\/pexels-photo-110854-1024x748.jpeg ,https:\/\/xn--arospatiale-bbb.xn--qubec-csa.tk\/wp-content\/uploads\/sites\/41\/2026\/02\/pexels-photo-110854.jpeg 780w, https:\/\/xn--arospatiale-bbb.xn--qubec-csa.tk\/wp-content\/uploads\/sites\/41\/2026\/02\/pexels-photo-110854.jpeg 360w\" sizes=\"auto, (max-width: 480px) 150px\" src=\"https:\/\/xn--arospatiale-bbb.xn--qubec-csa.tk\/wp-content\/uploads\/sites\/41\/2026\/02\/pexels-photo-110854-1024x748.jpeg\" alt=\"Breathtaking view of the Milky Way galaxy with vibrant starry sky in La Orotava, Spain.\" class=\"uag-image-15\" width=\"1200\" height=\"450\" title=\"pexels photo 110854\" loading=\"lazy\" role=\"img\"\/><\/figure><\/div>\n\n\n\n<div class=\"wp-block-uagb-container uagb-block-84e181c4\">\n<div class=\"wp-block-uagb-info-box uagb-block-4bbc11b0 uagb-infobox__content-wrap  uagb-infobox-icon-above-title uagb-infobox-image-valign-top\"><div class=\"uagb-ifb-content\"><div class=\"uagb-ifb-title-wrap\"><span class=\"uagb-ifb-title-prefix\">01<\/span><h3 class=\"uagb-ifb-title\">Approche collaborative<\/h3><\/div><p class=\"uagb-ifb-desc\">Nous favorisons une collaboration entre toutes les parties prenantes pour cr\u00e9er des solutions adapt\u00e9es et efficaces.<\/p><\/div><\/div>\n\n\n\n<div class=\"wp-block-uagb-info-box uagb-block-e039f349 uagb-infobox__content-wrap  uagb-infobox-icon-above-title uagb-infobox-image-valign-top\"><div class=\"uagb-ifb-content\"><div class=\"uagb-ifb-title-wrap\"><span class=\"uagb-ifb-title-prefix\">02<\/span><h3 class=\"uagb-ifb-title\">Innovation permanente<\/h3><\/div><p class=\"uagb-ifb-desc\">Notre engagement envers l&rsquo;innovation garantit que nos pratiques et mod\u00e8les restent \u00e0 la pointe des besoins contemporains.<\/p><\/div><\/div>\n\n\n\n<div class=\"wp-block-uagb-info-box uagb-block-8ff54d31 uagb-infobox__content-wrap  uagb-infobox-icon-above-title uagb-infobox-image-valign-top\"><div class=\"uagb-ifb-content\"><div class=\"uagb-ifb-title-wrap\"><span class=\"uagb-ifb-title-prefix\">03<\/span><h3 class=\"uagb-ifb-title\">Soutien strat\u00e9gique<\/h3><\/div><p class=\"uagb-ifb-desc\">Nous offrons un accompagnement strat\u00e9gique afin d&rsquo;aider les initiatives collectives \u00e0 s&rsquo;\u00e9panouir et \u00e0 atteindre leurs objectifs.<\/p><\/div><\/div>\n<\/div>\n<\/div><\/div>\n\n\n\n<div class=\"wp-block-uagb-container uagb-block-b684870f alignfull uagb-is-root-container\"><div class=\"uagb-container-inner-blocks-wrap\">\n<div class=\"wp-block-uagb-info-box uagb-block-f83a47d8 uagb-infobox__content-wrap  uagb-infobox-icon-above-title uagb-infobox-image-valign-top\"><div class=\"uagb-ifb-content\"><div class=\"uagb-ifb-title-wrap\"><span class=\"uagb-ifb-title-prefix\">Prenez action maintenant<\/span><h2 class=\"uagb-ifb-title\">\u00c9laborez l&rsquo;avenir avec nous d\u00e8s aujourd&rsquo;hui!<\/h2><\/div><p class=\"uagb-ifb-desc\">Contactez-nous pour transformer vos id\u00e9es en r\u00e9alit\u00e9s collectives durables et innovantes.<\/p><div class=\"uagb-ifb-button-wrapper wp-block-button\"><a href=\"\/contact\/\" class=\"uagb-infobox-cta-link wp-block-button__link\" target=\"_self\" rel=\"noopener noreferrer\" onclick=\"return true;\"><span class=\"uagb-inline-editing\">Commencer maintenant<\/span><\/a><\/div><\/div><\/div>\n<\/div><\/div>\n","protected":false},"excerpt":{"rendered":"<p>L&rsquo;Agence A\u00e9rospatiale se consacre \u00e0 transformer le paysage collectif avec des mod\u00e8les d&rsquo;organisation innovants. Nous offrons des services d&rsquo;h\u00e9bergement fiscal [&hellip;]<\/p>\n","protected":false},"author":1,"featured_media":0,"parent":0,"menu_order":0,"comment_status":"closed","ping_status":"closed","template":"","meta":{"_uag_custom_page_level_css":"","site-sidebar-layout":"default","site-content-layout":"","ast-site-content-layout":"default","site-content-style":"default","site-sidebar-style":"default","ast-global-header-display":"","ast-banner-title-visibility":"","ast-main-header-display":"","ast-hfb-above-header-display":"","ast-hfb-below-header-display":"","ast-hfb-mobile-header-display":"","site-post-title":"disabled","ast-breadcrumbs-content":"","ast-featured-img":"","footer-sml-layout":"","ast-disable-related-posts":"","theme-transparent-header-meta":"enabled","adv-header-id-meta":"","stick-header-meta":"","header-above-stick-meta":"","header-main-stick-meta":"","header-below-stick-meta":"","astra-migrate-meta-layouts":"default","ast-page-background-enabled":"default","ast-page-background-meta":{"desktop":{"background-color":"var(--ast-global-color-4)","background-image":"","background-repeat":"repeat","background-position":"center center","background-size":"auto","background-attachment":"scroll","background-type":"","background-media":"","overlay-type":"","overlay-color":"","overlay-opacity":"","overlay-gradient":""},"tablet":{"background-color":"","background-image":"","background-repeat":"repeat","background-position":"center center","background-size":"auto","background-attachment":"scroll","background-type":"","background-media":"","overlay-type":"","overlay-color":"","overlay-opacity":"","overlay-gradient":""},"mobile":{"background-color":"","background-image":"","background-repeat":"repeat","background-position":"center center","background-size":"auto","background-attachment":"scroll","background-type":"","background-media":"","overlay-type":"","overlay-color":"","overlay-opacity":"","overlay-gradient":""}},"ast-content-background-meta":{"desktop":{"background-color":"var(--ast-global-color-5)","background-image":"","background-repeat":"repeat","background-position":"center center","background-size":"auto","background-attachment":"scroll","background-type":"","background-media":"","overlay-type":"","overlay-color":"","overlay-opacity":"","overlay-gradient":""},"tablet":{"background-color":"var(--ast-global-color-5)","background-image":"","background-repeat":"repeat","background-position":"center center","background-size":"auto","background-attachment":"scroll","background-type":"","background-media":"","overlay-type":"","overlay-color":"","overlay-opacity":"","overlay-gradient":""},"mobile":{"background-color":"var(--ast-global-color-5)","background-image":"","background-repeat":"repeat","background-position":"center center","background-size":"auto","background-attachment":"scroll","background-type":"","background-media":"","overlay-type":"","overlay-color":"","overlay-opacity":"","overlay-gradient":""}},"footnotes":""},"class_list":["post-226","page","type-page","status-publish","hentry"],"uagb_featured_image_src":{"full":false,"thumbnail":false,"medium":false,"medium_large":false,"large":false,"1536x1536":false,"2048x2048":false},"uagb_author_info":{"display_name":"Nicolas","author_link":"https:\/\/xn--arospatiale-bbb.xn--qubec-csa.tk\/demo-ia\/author\/biguenique\/"},"uagb_comment_info":0,"uagb_excerpt":"L&rsquo;Agence A\u00e9rospatiale se consacre \u00e0 transformer le paysage collectif avec des mod\u00e8les d&rsquo;organisation innovants. Nous offrons des services d&rsquo;h\u00e9bergement fiscal [&hellip;]","_links":{"self":[{"href":"https:\/\/xn--arospatiale-bbb.xn--qubec-csa.tk\/demo-ia\/wp-json\/wp\/v2\/pages\/226","targetHints":{"allow":["GET"]}}],"collection":[{"href":"https:\/\/xn--arospatiale-bbb.xn--qubec-csa.tk\/demo-ia\/wp-json\/wp\/v2\/pages"}],"about":[{"href":"https:\/\/xn--arospatiale-bbb.xn--qubec-csa.tk\/demo-ia\/wp-json\/wp\/v2\/types\/page"}],"author":[{"embeddable":true,"href":"https:\/\/xn--arospatiale-bbb.xn--qubec-csa.tk\/demo-ia\/wp-json\/wp\/v2\/users\/1"}],"replies":[{"embeddable":true,"href":"https:\/\/xn--arospatiale-bbb.xn--qubec-csa.tk\/demo-ia\/wp-json\/wp\/v2\/comments?post=226"}],"version-history":[{"count":4,"href":"https:\/\/xn--arospatiale-bbb.xn--qubec-csa.tk\/demo-ia\/wp-json\/wp\/v2\/pages\/226\/revisions"}],"predecessor-version":[{"id":449,"href":"https:\/\/xn--arospatiale-bbb.xn--qubec-csa.tk\/demo-ia\/wp-json\/wp\/v2\/pages\/226\/revisions\/449"}],"wp:attachment":[{"href":"https:\/\/xn--arospatiale-bbb.xn--qubec-csa.tk\/demo-ia\/wp-json\/wp\/v2\/media?parent=226"}],"curies":[{"name":"wp","href":"https:\/\/api.w.org\/{rel}","templated":true}]}}