{"id":227,"date":"2026-02-17T05:10:49","date_gmt":"2026-02-17T10:10:49","guid":{"rendered":"https:\/\/xn--arospatiale-bbb.xn--qubec-csa.tk\/about\/"},"modified":"2026-02-17T05:52:28","modified_gmt":"2026-02-17T10:52:28","slug":"about","status":"publish","type":"page","link":"https:\/\/xn--arospatiale-bbb.xn--qubec-csa.tk\/demo-ia\/about\/","title":{"rendered":"About"},"content":{"rendered":"\n<div class=\"wp-block-uagb-container uagb-block-9ed5e6d4 alignfull uagb-is-root-container\"><div class=\"uagb-container-inner-blocks-wrap\">\n<div class=\"wp-block-uagb-info-box uagb-block-d5b134cc uagb-infobox__content-wrap  uagb-infobox-icon-above-title uagb-infobox-image-valign-top\"><div class=\"uagb-ifb-content\"><div class=\"uagb-ifb-title-wrap\"><span class=\"uagb-ifb-title-prefix\">Transformez votre avenir collectif<\/span><h1 class=\"uagb-ifb-title\">L&rsquo;innovation au c\u0153ur de notre mission<\/h1><\/div><\/div><\/div>\n<\/div><\/div>\n\n\n\n<div class=\"wp-block-uagb-container uagb-block-43961427 alignfull uagb-is-root-container\"><div class=\"uagb-container-inner-blocks-wrap\">\n<div class=\"wp-block-uagb-container uagb-block-91de6b3c\">\n<div class=\"wp-block-uagb-info-box uagb-block-2359313e uagb-infobox__content-wrap  uagb-infobox-icon-above-title uagb-infobox-image-valign-top\"><div class=\"uagb-ifb-content\"><div class=\"uagb-ifb-title-wrap\"><span class=\"uagb-ifb-title-prefix\">Qui nous sommes<\/span><h2 class=\"uagb-ifb-title\">Une agence au service de l&rsquo;innovation sociale<\/h2><\/div><\/div><\/div>\n\n\n\n<div class=\"wp-block-uagb-info-box uagb-block-3e6b189a uagb-infobox__content-wrap  uagb-infobox-icon-above-title uagb-infobox-image-valign-top\"><div class=\"uagb-ifb-content\"><div class=\"uagb-ifb-title-wrap\"><h3 class=\"uagb-ifb-title-prefix\">L&rsquo;Agence A\u00e9rospatiale se consacre \u00e0 transformer le paysage collectif avec des mod\u00e8les d&rsquo;organisation innovants.<\/h3><p class=\"uagb-ifb-title\">Nous offrons des services d&rsquo;h\u00e9bergement fiscal et soutenons des initiatives strat\u00e9giques. Reconnue pour notre approche ax\u00e9e sur l&rsquo;autonomie et la diversit\u00e9, nous favorisons le d\u00e9marrage d&rsquo;initiatives collectives. L&rsquo;Agence A\u00e9rospatiale est fi\u00e8re de ses contributions \u00e0 la communaut\u00e9 et a re\u00e7u plusieurs distinctions pour notre engagement vers une soci\u00e9t\u00e9 innovante et inclusive.<\/p><\/div><p class=\"uagb-ifb-desc\">\u00c0 l&rsquo;Agence A\u00e9rospatiale, nous avons aid\u00e9 de nombreuses organizations \u00e0 atteindre de nouveaux sommets gr\u00e2ce \u00e0 des solutions innovantes. Nos initiatives ont permis d&rsquo;am\u00e9liorer la collaboration, de renforcer l&rsquo;autonomie et de concr\u00e9tiser des projets qui red\u00e9finissent les normes sociales en offrant une valeur ajout\u00e9e concr\u00e8te \u00e0 nos clients.<\/p><\/div><\/div>\n<\/div>\n\n\n\n<div class=\"wp-block-uagb-image alignleft uagb-block-aa6e2cb7 wp-block-uagb-image--layout-default wp-block-uagb-image--effect-static wp-block-uagb-image--align-left\"><figure class=\"wp-block-uagb-image__figure\"><img decoding=\"async\" srcset=\"https:\/\/xn--arospatiale-bbb.xn--qubec-csa.tk\/wp-content\/uploads\/sites\/41\/2026\/02\/pexels-photo-1142950-1024x684.jpeg ,https:\/\/xn--arospatiale-bbb.xn--qubec-csa.tk\/wp-content\/uploads\/sites\/41\/2026\/02\/pexels-photo-1142950.jpeg 780w, https:\/\/xn--arospatiale-bbb.xn--qubec-csa.tk\/wp-content\/uploads\/sites\/41\/2026\/02\/pexels-photo-1142950.jpeg 360w\" sizes=\"auto, (max-width: 480px) 150px\" src=\"https:\/\/xn--arospatiale-bbb.xn--qubec-csa.tk\/wp-content\/uploads\/sites\/41\/2026\/02\/pexels-photo-1142950-1024x684.jpeg\" alt=\"Breathtaking view of the Milky Way galaxy filled with countless stars in the night sky above Garland, Texas.\" class=\"uag-image-24\" width=\"1200\" height=\"450\" title=\"pexels photo 1142950\" loading=\"lazy\" role=\"img\"\/><\/figure><\/div>\n\n\n\n<div class=\"wp-block-uagb-container uagb-block-3f9cf3b8\">\n<div class=\"wp-block-uagb-info-box uagb-block-4bbc11b0 uagb-infobox__content-wrap  uagb-infobox-icon-above-title uagb-infobox-image-valign-top\"><div class=\"uagb-ifb-content\"><div class=\"uagb-ifb-title-wrap\"><span class=\"uagb-ifb-title-prefix\">Notre engagement<\/span><h3 class=\"uagb-ifb-title\">R\u00e9inventer la valeur sociale<\/h3><\/div><p class=\"uagb-ifb-desc\">L&rsquo;Agence A\u00e9rospatiale a pour mission de lib\u00e9rer le potentiel humain par des pratiques novatrices, en soutenant des initiatives strat\u00e9giques et en d\u00e9veloppant des mod\u00e8les d&rsquo;organisation flexibles qui favorisent l&rsquo;autonomie et la diversit\u00e9 dans le paysage collectif.<\/p><\/div><\/div>\n\n\n\n<div class=\"wp-block-uagb-info-box uagb-block-eba12409 uagb-infobox__content-wrap  uagb-infobox-icon-above-title uagb-infobox-image-valign-top\"><div class=\"uagb-ifb-content\"><div class=\"uagb-ifb-title-wrap\"><span class=\"uagb-ifb-title-prefix\">Nos principes fondamentaux<\/span><h3 class=\"uagb-ifb-title\">Peuples, initiatives, diversit\u00e9<\/h3><\/div><p class=\"uagb-ifb-desc\">Nous croyons fermement que l&rsquo;autonomie, la diversit\u00e9 et l&rsquo;inclusion sont des moteurs essentiels de l&rsquo;innovation. \u00c0 l&rsquo;Agence A\u00e9rospatiale, nous valorisons chaque voix, en favorisant un environnement collaboratif o\u00f9 les initiatives peuvent prosp\u00e9rer et transformer positivement la soci\u00e9t\u00e9.<\/p><\/div><\/div>\n<\/div>\n<\/div><\/div>\n\n\n\n<div class=\"wp-block-uagb-container uagb-block-6f310176 alignfull uagb-is-root-container\"><div class=\"uagb-container-inner-blocks-wrap\">\n<div class=\"wp-block-uagb-container uagb-block-5962c3bc\">\n<div class=\"wp-block-uagb-info-box uagb-block-31e33fee uagb-infobox__content-wrap  uagb-infobox-icon-above-title uagb-infobox-image-valign-top\"><div class=\"uagb-ifb-content\"><div class=\"uagb-ifb-title-wrap\"><span class=\"uagb-ifb-title-prefix\">Questions fr\u00e9quentes<\/span><h2 class=\"uagb-ifb-title\">Tout savoir sur nos services<\/h2><\/div><\/div><\/div>\n\n\n<div class=\"wp-block-uagb-faq uagb-faq__outer-wrap uagb-block-0c5731f4 uagb-faq-icon-row-reverse uagb-faq-layout-accordion uagb-faq-expand-first-true uagb-faq-inactive-other-true uagb-faq__wrap uagb-buttons-layout-wrap uagb-faq-equal-height     \" data-faqtoggle=\"true\" role=\"tablist\"><div class=\"wp-block-uagb-faq-child uagb-faq-child__outer-wrap uagb-faq-item uagb-block-8a302e01 \" role=\"tab\" tabindex=\"0\"><div class=\"uagb-faq-questions-button uagb-faq-questions\">\t\t\t<span class=\"uagb-icon uagb-faq-icon-wrap\">\n\t\t\t\t\t\t\t\t<svg xmlns=\"https:\/\/www.w3.org\/2000\/svg\" viewBox= \"0 0 384 512\"><path d=\"M192 384c-8.188 0-16.38-3.125-22.62-9.375l-160-160c-12.5-12.5-12.5-32.75 0-45.25s32.75-12.5 45.25 0L192 306.8l137.4-137.4c12.5-12.5 32.75-12.5 45.25 0s12.5 32.75 0 45.25l-160 160C208.4 380.9 200.2 384 192 384z\"><\/path><\/svg>\n\t\t\t\t\t\t\t<\/span>\n\t\t\t\t\t\t<span class=\"uagb-icon-active uagb-faq-icon-wrap\">\n\t\t\t\t\t\t\t\t<svg xmlns=\"https:\/\/www.w3.org\/2000\/svg\" viewBox= \"0 0 384 512\"><path d=\"M352 352c-8.188 0-16.38-3.125-22.62-9.375L192 205.3l-137.4 137.4c-12.5 12.5-32.75 12.5-45.25 0s-12.5-32.75 0-45.25l160-160c12.5-12.5 32.75-12.5 45.25 0l160 160c12.5 12.5 12.5 32.75 0 45.25C368.4 348.9 360.2 352 352 352z\"><\/path><\/svg>\n\t\t\t\t\t\t\t<\/span>\n\t\t\t<p class=\"uagb-question\">Comment l&rsquo;agence aide-t-elle les organisations?<\/p><\/div><div class=\"uagb-faq-content\"><p>L&rsquo;Agence A\u00e9rospatiale accompagne les organisations en leur proposant des solutions innovantes adapt\u00e9es \u00e0 leurs besoins. Nous d\u00e9veloppons des mod\u00e8les d&rsquo;organisation flexibles qui favorisent l&rsquo;autonomie, tout en mettant en \u0153uvre des initiatives strat\u00e9giques pour transformer leur potentiel.<\/p><\/div><\/div><div class=\"wp-block-uagb-faq-child uagb-faq-child__outer-wrap uagb-faq-item uagb-block-cef63c6f \" role=\"tab\" tabindex=\"0\"><div class=\"uagb-faq-questions-button uagb-faq-questions\">\t\t\t<span class=\"uagb-icon uagb-faq-icon-wrap\">\n\t\t\t\t\t\t\t\t<svg xmlns=\"https:\/\/www.w3.org\/2000\/svg\" viewBox= \"0 0 384 512\"><path d=\"M192 384c-8.188 0-16.38-3.125-22.62-9.375l-160-160c-12.5-12.5-12.5-32.75 0-45.25s32.75-12.5 45.25 0L192 306.8l137.4-137.4c12.5-12.5 32.75-12.5 45.25 0s12.5 32.75 0 45.25l-160 160C208.4 380.9 200.2 384 192 384z\"><\/path><\/svg>\n\t\t\t\t\t\t\t<\/span>\n\t\t\t\t\t\t<span class=\"uagb-icon-active uagb-faq-icon-wrap\">\n\t\t\t\t\t\t\t\t<svg xmlns=\"https:\/\/www.w3.org\/2000\/svg\" viewBox= \"0 0 384 512\"><path d=\"M352 352c-8.188 0-16.38-3.125-22.62-9.375L192 205.3l-137.4 137.4c-12.5 12.5-32.75 12.5-45.25 0s-12.5-32.75 0-45.25l160-160c12.5-12.5 32.75-12.5 45.25 0l160 160c12.5 12.5 12.5 32.75 0 45.25C368.4 348.9 360.2 352 352 352z\"><\/path><\/svg>\n\t\t\t\t\t\t\t<\/span>\n\t\t\t<p class=\"uagb-question\">Quels types d&rsquo;initiatives soutenez-vous?<\/p><\/div><div class=\"uagb-faq-content\"><p>Nous soutenons une vari\u00e9t\u00e9 d&rsquo;initiatives, allant des projets communautaires aux solutions d&rsquo;entreprise innovantes. Notre approche unique permet de concr\u00e9tiser des id\u00e9es qui red\u00e9finissent la valeur sociale, tout en facilitant des collaborations fructueuses.<\/p><\/div><\/div><div class=\"wp-block-uagb-faq-child uagb-faq-child__outer-wrap uagb-faq-item uagb-block-f6a73cb6 \" role=\"tab\" tabindex=\"0\"><div class=\"uagb-faq-questions-button uagb-faq-questions\">\t\t\t<span class=\"uagb-icon uagb-faq-icon-wrap\">\n\t\t\t\t\t\t\t\t<svg xmlns=\"https:\/\/www.w3.org\/2000\/svg\" viewBox= \"0 0 384 512\"><path d=\"M192 384c-8.188 0-16.38-3.125-22.62-9.375l-160-160c-12.5-12.5-12.5-32.75 0-45.25s32.75-12.5 45.25 0L192 306.8l137.4-137.4c12.5-12.5 32.75-12.5 45.25 0s12.5 32.75 0 45.25l-160 160C208.4 380.9 200.2 384 192 384z\"><\/path><\/svg>\n\t\t\t\t\t\t\t<\/span>\n\t\t\t\t\t\t<span class=\"uagb-icon-active uagb-faq-icon-wrap\">\n\t\t\t\t\t\t\t\t<svg xmlns=\"https:\/\/www.w3.org\/2000\/svg\" viewBox= \"0 0 384 512\"><path d=\"M352 352c-8.188 0-16.38-3.125-22.62-9.375L192 205.3l-137.4 137.4c-12.5 12.5-32.75 12.5-45.25 0s-12.5-32.75 0-45.25l160-160c12.5-12.5 32.75-12.5 45.25 0l160 160c12.5 12.5 12.5 32.75 0 45.25C368.4 348.9 360.2 352 352 352z\"><\/path><\/svg>\n\t\t\t\t\t\t\t<\/span>\n\t\t\t<p class=\"uagb-question\">Pourquoi choisir l&rsquo;Agence A\u00e9rospatiale?<\/p><\/div><div class=\"uagb-faq-content\"><p>Choisir l&rsquo;Agence A\u00e9rospatiale, c&rsquo;est opter pour une approche distincte ax\u00e9e sur l&rsquo;autonomie et la diversit\u00e9. Nous vous aidons \u00e0 faire avancer vos projets sans les contraintes de la dette, en vous offrant des services d&rsquo;h\u00e9bergement fiscal pour soutenir vos initiatives collectives.<\/p><\/div><\/div><\/div><\/div>\n\n\n\n<div class=\"wp-block-uagb-container uagb-block-892c8053\">\n<div class=\"wp-block-uagb-image alignleft uagb-block-8c89d0eb wp-block-uagb-image--layout-default wp-block-uagb-image--effect-static wp-block-uagb-image--align-left\"><figure class=\"wp-block-uagb-image__figure\"><img decoding=\"async\" srcset=\"https:\/\/xn--arospatiale-bbb.xn--qubec-csa.tk\/wp-content\/uploads\/sites\/41\/2026\/02\/pexels-photo-7709022.jpeg ,https:\/\/xn--arospatiale-bbb.xn--qubec-csa.tk\/wp-content\/uploads\/sites\/41\/2026\/02\/pexels-photo-7709022.jpeg 780w, https:\/\/xn--arospatiale-bbb.xn--qubec-csa.tk\/wp-content\/uploads\/sites\/41\/2026\/02\/pexels-photo-7709022.jpeg 360w\" sizes=\"auto, (max-width: 480px) 150px\" src=\"https:\/\/xn--arospatiale-bbb.xn--qubec-csa.tk\/wp-content\/uploads\/sites\/41\/2026\/02\/pexels-photo-7709022.jpeg\" alt=\"Vivid close-up of a woman in a space suit, reflecting exploration and futuristic themes.\" class=\"uag-image-25\" width=\"600\" height=\"500\" title=\"pexels photo 7709022\" loading=\"lazy\" role=\"img\"\/><\/figure><\/div>\n<\/div>\n<\/div><\/div>\n\n\n\n<div class=\"wp-block-uagb-container uagb-block-b684870f alignfull uagb-is-root-container\"><div class=\"uagb-container-inner-blocks-wrap\">\n<div class=\"wp-block-uagb-info-box uagb-block-f83a47d8 uagb-infobox__content-wrap  uagb-infobox-icon-above-title uagb-infobox-image-valign-top\"><div class=\"uagb-ifb-content\"><div class=\"uagb-ifb-title-wrap\"><span class=\"uagb-ifb-title-prefix\">Prenez action maintenant<\/span><h2 class=\"uagb-ifb-title\">\u00c9laborez l&rsquo;avenir avec nous d\u00e8s aujourd&rsquo;hui!<\/h2><\/div><p class=\"uagb-ifb-desc\">Contactez-nous pour transformer vos id\u00e9es en r\u00e9alit\u00e9s collectives durables et innovantes.<\/p><div class=\"uagb-ifb-button-wrapper wp-block-button\"><a href=\"\/contact\/\" class=\"uagb-infobox-cta-link wp-block-button__link\" target=\"_self\" rel=\"noopener noreferrer\" onclick=\"return true;\"><span class=\"uagb-inline-editing\">Commencer maintenant<\/span><\/a><\/div><\/div><\/div>\n<\/div><\/div>\n","protected":false},"excerpt":{"rendered":"","protected":false},"author":1,"featured_media":0,"parent":0,"menu_order":0,"comment_status":"closed","ping_status":"closed","template":"","meta":{"_uag_custom_page_level_css":"","site-sidebar-layout":"default","site-content-layout":"","ast-site-content-layout":"default","site-content-style":"default","site-sidebar-style":"default","ast-global-header-display":"","ast-banner-title-visibility":"","ast-main-header-display":"","ast-hfb-above-header-display":"","ast-hfb-below-header-display":"","ast-hfb-mobile-header-display":"","site-post-title":"disabled","ast-breadcrumbs-content":"","ast-featured-img":"","footer-sml-layout":"","ast-disable-related-posts":"","theme-transparent-header-meta":"enabled","adv-header-id-meta":"","stick-header-meta":"","header-above-stick-meta":"","header-main-stick-meta":"","header-below-stick-meta":"","astra-migrate-meta-layouts":"default","ast-page-background-enabled":"default","ast-page-background-meta":{"desktop":{"background-color":"var(--ast-global-color-4)","background-image":"","background-repeat":"repeat","background-position":"center center","background-size":"auto","background-attachment":"scroll","background-type":"","background-media":"","overlay-type":"","overlay-color":"","overlay-opacity":"","overlay-gradient":""},"tablet":{"background-color":"","background-image":"","background-repeat":"repeat","background-position":"center center","background-size":"auto","background-attachment":"scroll","background-type":"","background-media":"","overlay-type":"","overlay-color":"","overlay-opacity":"","overlay-gradient":""},"mobile":{"background-color":"","background-image":"","background-repeat":"repeat","background-position":"center center","background-size":"auto","background-attachment":"scroll","background-type":"","background-media":"","overlay-type":"","overlay-color":"","overlay-opacity":"","overlay-gradient":""}},"ast-content-background-meta":{"desktop":{"background-color":"var(--ast-global-color-5)","background-image":"","background-repeat":"repeat","background-position":"center center","background-size":"auto","background-attachment":"scroll","background-type":"","background-media":"","overlay-type":"","overlay-color":"","overlay-opacity":"","overlay-gradient":""},"tablet":{"background-color":"var(--ast-global-color-5)","background-image":"","background-repeat":"repeat","background-position":"center center","background-size":"auto","background-attachment":"scroll","background-type":"","background-media":"","overlay-type":"","overlay-color":"","overlay-opacity":"","overlay-gradient":""},"mobile":{"background-color":"var(--ast-global-color-5)","background-image":"","background-repeat":"repeat","background-position":"center center","background-size":"auto","background-attachment":"scroll","background-type":"","background-media":"","overlay-type":"","overlay-color":"","overlay-opacity":"","overlay-gradient":""}},"footnotes":""},"class_list":["post-227","page","type-page","status-publish","hentry"],"uagb_featured_image_src":{"full":false,"thumbnail":false,"medium":false,"medium_large":false,"large":false,"1536x1536":false,"2048x2048":false},"uagb_author_info":{"display_name":"Nicolas","author_link":"https:\/\/xn--arospatiale-bbb.xn--qubec-csa.tk\/demo-ia\/author\/biguenique\/"},"uagb_comment_info":0,"uagb_excerpt":null,"_links":{"self":[{"href":"https:\/\/xn--arospatiale-bbb.xn--qubec-csa.tk\/demo-ia\/wp-json\/wp\/v2\/pages\/227","targetHints":{"allow":["GET"]}}],"collection":[{"href":"https:\/\/xn--arospatiale-bbb.xn--qubec-csa.tk\/demo-ia\/wp-json\/wp\/v2\/pages"}],"about":[{"href":"https:\/\/xn--arospatiale-bbb.xn--qubec-csa.tk\/demo-ia\/wp-json\/wp\/v2\/types\/page"}],"author":[{"embeddable":true,"href":"https:\/\/xn--arospatiale-bbb.xn--qubec-csa.tk\/demo-ia\/wp-json\/wp\/v2\/users\/1"}],"replies":[{"embeddable":true,"href":"https:\/\/xn--arospatiale-bbb.xn--qubec-csa.tk\/demo-ia\/wp-json\/wp\/v2\/comments?post=227"}],"version-history":[{"count":4,"href":"https:\/\/xn--arospatiale-bbb.xn--qubec-csa.tk\/demo-ia\/wp-json\/wp\/v2\/pages\/227\/revisions"}],"predecessor-version":[{"id":451,"href":"https:\/\/xn--arospatiale-bbb.xn--qubec-csa.tk\/demo-ia\/wp-json\/wp\/v2\/pages\/227\/revisions\/451"}],"wp:attachment":[{"href":"https:\/\/xn--arospatiale-bbb.xn--qubec-csa.tk\/demo-ia\/wp-json\/wp\/v2\/media?parent=227"}],"curies":[{"name":"wp","href":"https:\/\/api.w.org\/{rel}","templated":true}]}}