{"id":2,"date":"2025-05-26T01:46:59","date_gmt":"2025-05-26T05:46:59","guid":{"rendered":"https:\/\/xn--qubec-csa.tk\/aerospatiale\/?page_id=2"},"modified":"2025-05-26T09:01:46","modified_gmt":"2025-05-26T13:01:46","slug":"page-d-exemple","status":"publish","type":"page","link":"https:\/\/xn--arospatiale-bbb.xn--qubec-csa.tk\/demo\/","title":{"rendered":"Explorer l&rsquo;avenir.\u2122"},"content":{"rendered":"\n<p><strong>Dans le vieux monde<\/strong>, l&rsquo;avenir, qui \u00e9tait jusqu&rsquo;alors assujetti \u00e0 l&rsquo;int\u00e9r\u00eat de la dette, appelant une croissance ind\u00e9finie mat\u00e9riellement impossible, \u00e9tait le synonyme d&rsquo;une angoisse existentielle infinie, justifi\u00e9e, en l&rsquo;absence de toute issue, par l&#8217;emballement du temps et l&rsquo;impuissance face \u00e0 la marchandisation et la destruction acc\u00e9l\u00e9r\u00e9e de toute forme de vie.<\/p>\n\n\n\n<p><strong>Ce monde est r\u00e9volu.<\/strong> Des approches alternatives au probl\u00e8me de la production humaine sont d\u00e8s aujourd&rsquo;hui envisageables. <em>N\u00e9cessaires<\/em>, parce que dor\u00e9navant <em>possibles<\/em>, ces nouvelles approches balbutiantes ont pourtant d\u00e9j\u00e0 commenc\u00e9 \u00e0 redessiner les lignes de force de l&rsquo;avenir humain. Un <strong>nouveau paradigme de la valeur<\/strong> \u00e9merge, qui abolit l&rsquo;int\u00e9r\u00eat et lib\u00e8re le temps social de l&rsquo;insoutenable fardeau imaginaire de la dette.<\/p>\n\n\n\n<p><strong>C&rsquo;est ce nouveau monde<\/strong> que nous proposons de construire ensemble. Cela prendra du temps, mais qu&rsquo;importe, puisque dans ce monde, l&rsquo;<strong><em>avenir nous appartient<\/em><\/strong>. <\/p>\n","protected":false},"excerpt":{"rendered":"<p>Dans le vieux monde, l&rsquo;avenir, qui \u00e9tait jusqu&rsquo;alors assujetti \u00e0 l&rsquo;int\u00e9r\u00eat de la dette, appelant une croissance ind\u00e9finie mat\u00e9riellement impossible,<\/p>\n<p><span class=\"more-link\"><a href=\"https:\/\/xn--arospatiale-bbb.xn--qubec-csa.tk\/demo\/\" class=\"readmore\">Lire la suite<span class=\"screen-reader-text\">Explorer l&rsquo;avenir.\u2122<\/span><\/a><\/span><\/p>\n","protected":false},"author":1,"featured_media":17,"parent":0,"menu_order":0,"comment_status":"closed","ping_status":"open","template":"","meta":{"footnotes":""},"class_list":["post-2","page","type-page","status-publish","has-post-thumbnail","hentry"],"_links":{"self":[{"href":"https:\/\/xn--arospatiale-bbb.xn--qubec-csa.tk\/demo\/wp-json\/wp\/v2\/pages\/2","targetHints":{"allow":["GET"]}}],"collection":[{"href":"https:\/\/xn--arospatiale-bbb.xn--qubec-csa.tk\/demo\/wp-json\/wp\/v2\/pages"}],"about":[{"href":"https:\/\/xn--arospatiale-bbb.xn--qubec-csa.tk\/demo\/wp-json\/wp\/v2\/types\/page"}],"author":[{"embeddable":true,"href":"https:\/\/xn--arospatiale-bbb.xn--qubec-csa.tk\/demo\/wp-json\/wp\/v2\/users\/1"}],"replies":[{"embeddable":true,"href":"https:\/\/xn--arospatiale-bbb.xn--qubec-csa.tk\/demo\/wp-json\/wp\/v2\/comments?post=2"}],"version-history":[{"count":11,"href":"https:\/\/xn--arospatiale-bbb.xn--qubec-csa.tk\/demo\/wp-json\/wp\/v2\/pages\/2\/revisions"}],"predecessor-version":[{"id":81,"href":"https:\/\/xn--arospatiale-bbb.xn--qubec-csa.tk\/demo\/wp-json\/wp\/v2\/pages\/2\/revisions\/81"}],"wp:featuredmedia":[{"embeddable":true,"href":"https:\/\/xn--arospatiale-bbb.xn--qubec-csa.tk\/demo\/wp-json\/wp\/v2\/media\/17"}],"wp:attachment":[{"href":"https:\/\/xn--arospatiale-bbb.xn--qubec-csa.tk\/demo\/wp-json\/wp\/v2\/media?parent=2"}],"curies":[{"name":"wp","href":"https:\/\/api.w.org\/{rel}","templated":true}]}}