{"id":55,"date":"2025-05-26T05:32:35","date_gmt":"2025-05-26T09:32:35","guid":{"rendered":"https:\/\/xn--qubec-csa.tk\/aerospatiale\/?page_id=55"},"modified":"2025-05-26T07:44:46","modified_gmt":"2025-05-26T11:44:46","slug":"programme-sol-iii","status":"publish","type":"page","link":"https:\/\/xn--arospatiale-bbb.xn--qubec-csa.tk\/demo\/programme-sol-iii\/","title":{"rendered":"Programme de reconnaissance plan\u00e9taire SOL-III"},"content":{"rendered":"\n<div class=\"wp-block-media-text is-stacked-on-mobile\"><figure class=\"wp-block-media-text__media\"><img loading=\"lazy\" decoding=\"async\" width=\"1024\" height=\"1024\" src=\"https:\/\/xn--qubec-csa.tk\/aerospatiale\/wp-content\/uploads\/sites\/36\/2025\/05\/nasa-7Cz6bWjdlDs-unsplash.1024x1024.jpg\" alt=\"Phase 1 : D\u00e9nicher un plan\u00e8te habitable\" class=\"wp-image-27 size-full\" srcset=\"https:\/\/xn--arospatiale-bbb.xn--qubec-csa.tk\/demo\/wp-content\/uploads\/sites\/36\/2025\/05\/nasa-7Cz6bWjdlDs-unsplash.1024x1024.jpg 1024w, https:\/\/xn--arospatiale-bbb.xn--qubec-csa.tk\/demo\/wp-content\/uploads\/sites\/36\/2025\/05\/nasa-7Cz6bWjdlDs-unsplash.1024x1024-300x300.jpg 300w, https:\/\/xn--arospatiale-bbb.xn--qubec-csa.tk\/demo\/wp-content\/uploads\/sites\/36\/2025\/05\/nasa-7Cz6bWjdlDs-unsplash.1024x1024-150x150.jpg 150w, https:\/\/xn--arospatiale-bbb.xn--qubec-csa.tk\/demo\/wp-content\/uploads\/sites\/36\/2025\/05\/nasa-7Cz6bWjdlDs-unsplash.1024x1024-768x768.jpg 768w, https:\/\/xn--arospatiale-bbb.xn--qubec-csa.tk\/demo\/wp-content\/uploads\/sites\/36\/2025\/05\/nasa-7Cz6bWjdlDs-unsplash.1024x1024-640x640.jpg 640w, https:\/\/xn--arospatiale-bbb.xn--qubec-csa.tk\/demo\/wp-content\/uploads\/sites\/36\/2025\/05\/nasa-7Cz6bWjdlDs-unsplash.1024x1024-666x666.jpg 666w, https:\/\/xn--arospatiale-bbb.xn--qubec-csa.tk\/demo\/wp-content\/uploads\/sites\/36\/2025\/05\/nasa-7Cz6bWjdlDs-unsplash.1024x1024-96x96.jpg 96w, https:\/\/xn--arospatiale-bbb.xn--qubec-csa.tk\/demo\/wp-content\/uploads\/sites\/36\/2025\/05\/nasa-7Cz6bWjdlDs-unsplash.1024x1024-50x50.jpg 50w\" sizes=\"auto, (max-width: 1024px) 100vw, 1024px\" \/><\/figure><div class=\"wp-block-media-text__content\">\n<div style=\"height:0.5em\" aria-hidden=\"true\" class=\"wp-block-spacer\"><\/div>\n\n\n\n<h4 class=\"wp-block-heading\">Phase 1 : <br>D\u00e9nicher une plan\u00e8te habitable<\/h4>\n\n\n\n<p class=\"has-small-font-size\">Nous cherchions un syst\u00e8me plan\u00e9taire habitable situ\u00e9 pas trop loin d\u2019ici pour y \u00e9tablir rapidement un monde meilleur. Nous l\u2019avons assez vite trouv\u00e9 : la magnifique plan\u00e8te SOL-III, virevoltant tranquillement avec sa ravissante lune sur la troisi\u00e8me orbite plan\u00e9taire \u00e0 partir de son \u00e9toile-m\u00e8re, offre la plupart des conditions requises pour l\u2019\u00e9tablissement d\u2019une colonie humaine.<\/p>\n<\/div><\/div>\n\n\n\n<div class=\"wp-block-media-text has-media-on-the-right is-stacked-on-mobile\"><div class=\"wp-block-media-text__content\">\n<div style=\"height:0.5em\" aria-hidden=\"true\" class=\"wp-block-spacer\"><\/div>\n\n\n\n<h4 class=\"wp-block-heading\">Phase 2 : <br>Explorer les possibilit\u00e9s<\/h4>\n\n\n\n<p class=\"has-small-font-size\">Pendant qu\u2019\u00e0 bord du module orbital en basse atmosph\u00e8re (MOBA) \u00ab\u0412\u041e\u041b\u042f-1\u00bb (VOLIA-1), notre \u00e9quipage h\u00e9ro\u00efque explorait les sites potentiels d\u2019implantation, les ing\u00e9nieurs de l\u2019A\u00e9rospatiale travaillaient d\u00e9j\u00e0 d\u2019arrache-pied \u00e0 partir des observations disponibles sur les possibilit\u00e9s d\u2019adapter l\u2019atmosph\u00e8re de SOL-III, relativement hostile \u00e0 l\u2019humain, pleinement habitable pour celui-ci.<\/p>\n<\/div><figure class=\"wp-block-media-text__media\"><img loading=\"lazy\" decoding=\"async\" width=\"1024\" height=\"1024\" src=\"https:\/\/xn--qubec-csa.tk\/aerospatiale\/wp-content\/uploads\/sites\/36\/2025\/05\/ryan-hutton-Jztmx9yqjBw-unsplash.1024x1024.jpg\" alt=\"Phase 2 : Explorer les possibilit\u00e9s\" class=\"wp-image-28 size-full\" srcset=\"https:\/\/xn--arospatiale-bbb.xn--qubec-csa.tk\/demo\/wp-content\/uploads\/sites\/36\/2025\/05\/ryan-hutton-Jztmx9yqjBw-unsplash.1024x1024.jpg 1024w, https:\/\/xn--arospatiale-bbb.xn--qubec-csa.tk\/demo\/wp-content\/uploads\/sites\/36\/2025\/05\/ryan-hutton-Jztmx9yqjBw-unsplash.1024x1024-300x300.jpg 300w, https:\/\/xn--arospatiale-bbb.xn--qubec-csa.tk\/demo\/wp-content\/uploads\/sites\/36\/2025\/05\/ryan-hutton-Jztmx9yqjBw-unsplash.1024x1024-150x150.jpg 150w, https:\/\/xn--arospatiale-bbb.xn--qubec-csa.tk\/demo\/wp-content\/uploads\/sites\/36\/2025\/05\/ryan-hutton-Jztmx9yqjBw-unsplash.1024x1024-768x768.jpg 768w, https:\/\/xn--arospatiale-bbb.xn--qubec-csa.tk\/demo\/wp-content\/uploads\/sites\/36\/2025\/05\/ryan-hutton-Jztmx9yqjBw-unsplash.1024x1024-640x640.jpg 640w, https:\/\/xn--arospatiale-bbb.xn--qubec-csa.tk\/demo\/wp-content\/uploads\/sites\/36\/2025\/05\/ryan-hutton-Jztmx9yqjBw-unsplash.1024x1024-666x666.jpg 666w, https:\/\/xn--arospatiale-bbb.xn--qubec-csa.tk\/demo\/wp-content\/uploads\/sites\/36\/2025\/05\/ryan-hutton-Jztmx9yqjBw-unsplash.1024x1024-96x96.jpg 96w, https:\/\/xn--arospatiale-bbb.xn--qubec-csa.tk\/demo\/wp-content\/uploads\/sites\/36\/2025\/05\/ryan-hutton-Jztmx9yqjBw-unsplash.1024x1024-50x50.jpg 50w\" sizes=\"auto, (max-width: 1024px) 100vw, 1024px\" \/><\/figure><\/div>\n\n\n\n<div class=\"wp-block-media-text is-stacked-on-mobile\"><figure class=\"wp-block-media-text__media\"><img loading=\"lazy\" decoding=\"async\" width=\"1024\" height=\"1024\" src=\"https:\/\/xn--qubec-csa.tk\/aerospatiale\/wp-content\/uploads\/sites\/36\/2025\/05\/jordan-steranka-NcF6MVPW644-unsplash.1024x1024.jpg\" alt=\"Phase 3 : Transformer le monde\" class=\"wp-image-29 size-full\" srcset=\"https:\/\/xn--arospatiale-bbb.xn--qubec-csa.tk\/demo\/wp-content\/uploads\/sites\/36\/2025\/05\/jordan-steranka-NcF6MVPW644-unsplash.1024x1024.jpg 1024w, https:\/\/xn--arospatiale-bbb.xn--qubec-csa.tk\/demo\/wp-content\/uploads\/sites\/36\/2025\/05\/jordan-steranka-NcF6MVPW644-unsplash.1024x1024-300x300.jpg 300w, https:\/\/xn--arospatiale-bbb.xn--qubec-csa.tk\/demo\/wp-content\/uploads\/sites\/36\/2025\/05\/jordan-steranka-NcF6MVPW644-unsplash.1024x1024-150x150.jpg 150w, https:\/\/xn--arospatiale-bbb.xn--qubec-csa.tk\/demo\/wp-content\/uploads\/sites\/36\/2025\/05\/jordan-steranka-NcF6MVPW644-unsplash.1024x1024-768x768.jpg 768w, https:\/\/xn--arospatiale-bbb.xn--qubec-csa.tk\/demo\/wp-content\/uploads\/sites\/36\/2025\/05\/jordan-steranka-NcF6MVPW644-unsplash.1024x1024-640x640.jpg 640w, https:\/\/xn--arospatiale-bbb.xn--qubec-csa.tk\/demo\/wp-content\/uploads\/sites\/36\/2025\/05\/jordan-steranka-NcF6MVPW644-unsplash.1024x1024-666x666.jpg 666w, https:\/\/xn--arospatiale-bbb.xn--qubec-csa.tk\/demo\/wp-content\/uploads\/sites\/36\/2025\/05\/jordan-steranka-NcF6MVPW644-unsplash.1024x1024-96x96.jpg 96w, https:\/\/xn--arospatiale-bbb.xn--qubec-csa.tk\/demo\/wp-content\/uploads\/sites\/36\/2025\/05\/jordan-steranka-NcF6MVPW644-unsplash.1024x1024-50x50.jpg 50w\" sizes=\"auto, (max-width: 1024px) 100vw, 1024px\" \/><\/figure><div class=\"wp-block-media-text__content\">\n<div style=\"height:0.5em\" aria-hidden=\"true\" class=\"wp-block-spacer\"><\/div>\n\n\n\n<h3 class=\"wp-block-heading\">Phase 3 : <br>Transformer le monde<\/h3>\n\n\n\n<p class=\"has-small-font-size\">Voil\u00e0 \u00e0 quoi l\u2019Agence mobilise aujourd\u2019hui l\u2019essentiel de ses ressources.<\/p>\n\n\n\n<p><strong>La vie sur SOL-III vous int\u00e9resse ?<\/strong> <br>L\u2019A\u00e9rospatiale recrute ! Joignez-vous \u00e0 nous d\u00e8s aujourd\u2019hui !<\/p>\n\n\n\n<div class=\"wp-block-buttons is-layout-flex wp-block-buttons-is-layout-flex\">\n<div class=\"wp-block-button\"><a class=\"wp-block-button__link wp-element-button\" href=\"\/#portfolio-content-section\">Projets<\/a><\/div>\n<\/div>\n<\/div><\/div>\n","protected":false},"excerpt":{"rendered":"","protected":false},"author":1,"featured_media":52,"parent":0,"menu_order":0,"comment_status":"closed","ping_status":"closed","template":"templates\/full-width-page.php","meta":{"footnotes":""},"class_list":["post-55","page","type-page","status-publish","has-post-thumbnail","hentry"],"_links":{"self":[{"href":"https:\/\/xn--arospatiale-bbb.xn--qubec-csa.tk\/demo\/wp-json\/wp\/v2\/pages\/55","targetHints":{"allow":["GET"]}}],"collection":[{"href":"https:\/\/xn--arospatiale-bbb.xn--qubec-csa.tk\/demo\/wp-json\/wp\/v2\/pages"}],"about":[{"href":"https:\/\/xn--arospatiale-bbb.xn--qubec-csa.tk\/demo\/wp-json\/wp\/v2\/types\/page"}],"author":[{"embeddable":true,"href":"https:\/\/xn--arospatiale-bbb.xn--qubec-csa.tk\/demo\/wp-json\/wp\/v2\/users\/1"}],"replies":[{"embeddable":true,"href":"https:\/\/xn--arospatiale-bbb.xn--qubec-csa.tk\/demo\/wp-json\/wp\/v2\/comments?post=55"}],"version-history":[{"count":4,"href":"https:\/\/xn--arospatiale-bbb.xn--qubec-csa.tk\/demo\/wp-json\/wp\/v2\/pages\/55\/revisions"}],"predecessor-version":[{"id":94,"href":"https:\/\/xn--arospatiale-bbb.xn--qubec-csa.tk\/demo\/wp-json\/wp\/v2\/pages\/55\/revisions\/94"}],"wp:featuredmedia":[{"embeddable":true,"href":"https:\/\/xn--arospatiale-bbb.xn--qubec-csa.tk\/demo\/wp-json\/wp\/v2\/media\/52"}],"wp:attachment":[{"href":"https:\/\/xn--arospatiale-bbb.xn--qubec-csa.tk\/demo\/wp-json\/wp\/v2\/media?parent=55"}],"curies":[{"name":"wp","href":"https:\/\/api.w.org\/{rel}","templated":true}]}}